{"id":10,"date":"2024-03-10T23:12:23","date_gmt":"2024-03-11T02:12:23","guid":{"rendered":"http:\/\/betamaquinas.com.br\/?page_id=10"},"modified":"2024-03-25T21:33:37","modified_gmt":"2024-03-26T00:33:37","slug":"home","status":"publish","type":"page","link":"https:\/\/betamaquinas.com.br\/","title":{"rendered":"Home"},"content":{"rendered":"\n  <div class=\"banner has-hover\" id=\"banner-1968355376\">\n          <div class=\"banner-inner fill\">\n        <div class=\"banner-bg fill\" >\n            <div class=\"bg fill bg-fill \"><\/div>\n                        <div class=\"overlay\"><\/div>            \n                    <\/div>\n\t\t\n        <div class=\"banner-layers container\">\n            <div class=\"fill banner-link\"><\/div>            \n   <div id=\"text-box-1550837449\" class=\"text-box banner-layer x50 md-x50 lg-x50 y95 md-y50 lg-y50 res-text\">\n                                <div class=\"text-box-content text box-shadow-1\">\n              \n              <div class=\"text-inner text-left\">\n                  \n<h3 style=\"text-align: center;\"><strong>Uma plataforma de M\u00e1quinas, Acess\u00f3rios e Componentes do ramo industrial, tudo em um s\u00f3 lugar.<\/strong><\/h3>\n              <\/div>\n           <\/div>\n                            \n<style>\n#text-box-1550837449 .text-box-content {\n  background-color: rgba(255, 255, 255, 0.581);\n  font-size: 100%;\n}\n#text-box-1550837449 .text-inner {\n  padding: 30px 30px 30px 30px;\n}\n#text-box-1550837449 {\n  width: 90%;\n}\n@media (min-width:550px) {\n  #text-box-1550837449 {\n    width: 68%;\n  }\n}\n<\/style>\n    <\/div>\n \n        <\/div>\n      <\/div>\n\n            \n<style>\n#banner-1968355376 {\n  padding-top: 637px;\n  background-color: rgba(204, 204, 204, 0);\n}\n#banner-1968355376 .bg.bg-loaded {\n  background-image: url(https:\/\/betamaquinas.com.br\/wp-content\/uploads\/2024\/03\/trabalhador-moagem-de-peca-de-plastico-na-ferramenta-de-torno-na-oficina-industrial_232070-6765.jpg);\n}\n#banner-1968355376 .overlay {\n  background-color: rgba(255, 255, 255, 0);\n}\n#banner-1968355376 .bg {\n  background-position: 15% 31%;\n}\n<\/style>\n  <\/div>\n\n\n\t<section class=\"section\" id=\"section_1949538396\">\n\t\t<div class=\"bg section-bg fill bg-fill  bg-loaded\" >\n\n\t\t\t\n\t\t\t\n\t\t\t\n\n\t\t<\/div>\n\n\t\t\n\n\t\t<div class=\"section-content relative\">\n\t\t\t\n<div class=\"row\"  id=\"row-1178605586\">\n\n\t<div id=\"col-1425341837\" class=\"col medium-1 small-12 large-1\"  >\n\t\t\t\t<div class=\"col-inner\"  >\n\t\t\t\n\t\t\t\n\t\t<\/div>\n\t\t\t\t\t<\/div>\n\n\t\n\n\t<div id=\"col-314838109\" class=\"col medium-10 small-12 large-10\"  >\n\t\t\t\t<div class=\"col-inner text-center\"  >\n\t\t\t\n\t\t\t\n\t<div class=\"img has-hover x md-x lg-x y md-y lg-y\" id=\"image_916559014\">\n\t\t\t\t\t\t\t\t<div class=\"img-inner dark\" >\n\t\t\t<img loading=\"lazy\" decoding=\"async\" width=\"1020\" height=\"159\" src=\"https:\/\/betamaquinas.com.br\/wp-content\/uploads\/2024\/03\/wzbp8or89mc-1024x160.png\" class=\"attachment-large size-large\" alt=\"\" srcset=\"https:\/\/betamaquinas.com.br\/wp-content\/uploads\/2024\/03\/wzbp8or89mc-1024x160.png 1024w, https:\/\/betamaquinas.com.br\/wp-content\/uploads\/2024\/03\/wzbp8or89mc-300x47.png 300w, https:\/\/betamaquinas.com.br\/wp-content\/uploads\/2024\/03\/wzbp8or89mc-768x120.png 768w, https:\/\/betamaquinas.com.br\/wp-content\/uploads\/2024\/03\/wzbp8or89mc-1536x240.png 1536w, https:\/\/betamaquinas.com.br\/wp-content\/uploads\/2024\/03\/wzbp8or89mc-2048x320.png 2048w\" sizes=\"auto, (max-width: 1020px) 100vw, 1020px\" \/>\t\t\t\t\t\t\n\t\t\t\t\t<\/div>\n\t\t\t\t\t\t\t\t\n<style>\n#image_916559014 {\n  width: 37%;\n}\n<\/style>\n\t<\/div>\n\t\n<h1 style=\"text-align: center;\"><strong>Uma loja do Grupo Vega Maquinas<\/strong><\/h1>\n\t\t<\/div>\n\t\t\t\t\t<\/div>\n\n\t\n\n\t<div id=\"col-1422761542\" class=\"col medium-1 small-12 large-1\"  >\n\t\t\t\t<div class=\"col-inner\"  >\n\t\t\t\n\t\t\t\n\t\t<\/div>\n\t\t\t\t\t<\/div>\n\n\t\n<\/div>\n\t\t<\/div>\n\n\t\t\n<style>\n#section_1949538396 {\n  padding-top: 30px;\n  padding-bottom: 30px;\n}\n<\/style>\n\t<\/section>\n\t\n\t<section class=\"section\" id=\"section_1935587054\">\n\t\t<div class=\"bg section-bg fill bg-fill  bg-loaded\" >\n\n\t\t\t\n\t\t\t\n\t\t\t\n\n\t\t<\/div>\n\n\t\t\n\n\t\t<div class=\"section-content relative\">\n\t\t\t\n<div class=\"row\"  id=\"row-55010734\">\n\n\t<div id=\"col-116195854\" class=\"col small-12 large-12\"  >\n\t\t\t\t<div class=\"col-inner\"  >\n\t\t\t\n\t\t\t\n<div class=\"ti-widget ti-goog\" data-layout-id=\"5\" data-set-id=\"soft\" data-pid=\"\" data-pager-autoplay-timeout=\"6\" data-review-target-width=\"275\" data-language=\"pt\" > <div class=\"ti-widget-container ti-col-4\"> <div class=\"ti-footer source-Google\"> <div class=\"ti-rating-text\"> <strong class=\"ti-rating\"> Excelente <\/strong> <\/div> <span class=\"ti-stars star-lg\"> <span class=\"ti-star f\"><\/span><span class=\"ti-star f\"><\/span><span class=\"ti-star f\"><\/span><span class=\"ti-star f\"><\/span><span class=\"ti-star f\"><\/span> <\/span> <div class=\"ti-rating-text\"> <span class=\"nowrap\">Com base em <strong>300 avalia\u00e7\u00f5es<\/strong><\/span> <\/div> <div class=\"ti-large-logo\"> <div class=\"ti-v-center\"> <img loading=\"lazy\" decoding=\"async\" class=\"ti-logo-fb\" src=\"https:\/\/cdn.trustindex.io\/assets\/platform\/Google\/logo.svg\" width=\"150\" height=\"25\" alt=\"Google\" \/> <\/div> <\/div> <\/div> <div class=\"ti-reviews-container\"> <div class=\"ti-controls\"> <div class=\"ti-next\"><\/div> <div class=\"ti-prev\"><\/div> <\/div> <div class=\"ti-reviews-container-wrapper\">  <div data-empty=\"0\" class=\"ti-review-item source-Google\" > <div class=\"ti-inner\"> <div class=\"ti-review-header\"> <div class=\"ti-profile-img\"> <img decoding=\"async\" src=\"https:\/\/lh3.googleusercontent.com\/a-\/ALV-UjWF7S9yGFc1iOxoLgTM6m1rP-ev0JfHBbyBaV8T9YVtiQ=s120-c-rp-mo-br100\" alt=\"Marcio Jose\" \/> <\/div> <div class=\"ti-profile-details\"> <div class=\"ti-name\"> Marcio Jose <\/div> <div class=\"ti-date\">2024-03-07<\/div> <\/div> <\/div> <span class=\"ti-stars\"><span class=\"ti-star f\"><\/span><span class=\"ti-star f\"><\/span><span class=\"ti-star f\"><\/span><span class=\"ti-star f\"><\/span><span class=\"ti-star f\"><\/span><\/span> <div class=\"ti-review-text-container ti-review-content\"><!-- R-CONTENT -->Realmente vega m\u00e1quina e uma empresa parceira do empreendedorismo , comprometida , com atendimento personalizado ,parab\u00e9ns ao sr.Joaquim pelo atendimento<!-- R-CONTENT --><\/div> <span class=\"ti-read-more\" data-container=\".ti-review-content\" data-collapse-text=\"Esconder\" data-open-text=\"Consulte Mais informa\u00e7\u00e3o\" ><\/span> <\/div> <\/div>  <div data-empty=\"0\" class=\"ti-review-item source-Google\" > <div class=\"ti-inner\"> <div class=\"ti-review-header\"> <div class=\"ti-profile-img\"> <img decoding=\"async\" src=\"https:\/\/lh3.googleusercontent.com\/a-\/ALV-UjX4m4l2QMPYofr-ZD9ufc-mcv07Ic0L2JElAwtciY8huyY=s120-c-rp-mo-br100\" alt=\"Joel Manuten\u00e7\u00e3o\" \/> <\/div> <div class=\"ti-profile-details\"> <div class=\"ti-name\"> Joel Manuten\u00e7\u00e3o <\/div> <div class=\"ti-date\">2024-03-06<\/div> <\/div> <\/div> <span class=\"ti-stars\"><span class=\"ti-star f\"><\/span><span class=\"ti-star f\"><\/span><span class=\"ti-star f\"><\/span><span class=\"ti-star f\"><\/span><span class=\"ti-star f\"><\/span><\/span> <div class=\"ti-review-text-container ti-review-content\"><!-- R-CONTENT -->Fui atendido por dois excelentes profissionais Joaquim e Serafim.  Voltarei para negociar novamente outras m\u00e1quinas.<!-- R-CONTENT --><\/div> <span class=\"ti-read-more\" data-container=\".ti-review-content\" data-collapse-text=\"Esconder\" data-open-text=\"Consulte Mais informa\u00e7\u00e3o\" ><\/span> <\/div> <\/div>  <div data-empty=\"0\" class=\"ti-review-item source-Google\" > <div class=\"ti-inner\"> <div class=\"ti-review-header\"> <div class=\"ti-profile-img\"> <img decoding=\"async\" src=\"https:\/\/lh3.googleusercontent.com\/a-\/ALV-UjVMeISJ0yg9yXN0SYTDi6uj_-NeD9YE9tqW73idHPg20G8=s120-c-rp-mo-br100\" alt=\"Hilton Barboza\" \/> <\/div> <div class=\"ti-profile-details\"> <div class=\"ti-name\"> Hilton Barboza <\/div> <div class=\"ti-date\">2024-03-04<\/div> <\/div> <\/div> <span class=\"ti-stars\"><span class=\"ti-star f\"><\/span><span class=\"ti-star f\"><\/span><span class=\"ti-star f\"><\/span><span class=\"ti-star f\"><\/span><span class=\"ti-star f\"><\/span><\/span> <div class=\"ti-review-text-container ti-review-content\"><!-- R-CONTENT -->Loja organizada, produtos excelentes, com muitas variedades. Vendedor Serafim atencioso, explica com detalhes, estou muito satisfeito, comprarei novamente nessa loja parab\u00e9ns aos envolvidos.<!-- R-CONTENT --><\/div> <span class=\"ti-read-more\" data-container=\".ti-review-content\" data-collapse-text=\"Esconder\" data-open-text=\"Consulte Mais informa\u00e7\u00e3o\" ><\/span> <\/div> <\/div>  <div data-empty=\"0\" class=\"ti-review-item source-Google\" > <div class=\"ti-inner\"> <div class=\"ti-review-header\"> <div class=\"ti-profile-img\"> <img decoding=\"async\" src=\"https:\/\/lh3.googleusercontent.com\/a\/ACg8ocLZqDbN3ePnntkM3xGWFoF9E_cPA4tjArazzHScw8Co=s120-c-rp-mo-br100\" alt=\"Fabio Roberto Galante\" \/> <\/div> <div class=\"ti-profile-details\"> <div class=\"ti-name\"> Fabio Roberto Galante <\/div> <div class=\"ti-date\">2024-02-23<\/div> <\/div> <\/div> <span class=\"ti-stars\"><span class=\"ti-star f\"><\/span><span class=\"ti-star f\"><\/span><span class=\"ti-star f\"><\/span><span class=\"ti-star f\"><\/span><span class=\"ti-star f\"><\/span><\/span> <div class=\"ti-review-text-container ti-review-content\"><!-- R-CONTENT -->Excelente atendimento pelo Vendedor Ricardo Vega\nE recomendarei para parceiros<!-- R-CONTENT --><\/div> <span class=\"ti-read-more\" data-container=\".ti-review-content\" data-collapse-text=\"Esconder\" data-open-text=\"Consulte Mais informa\u00e7\u00e3o\" ><\/span> <\/div> <\/div>  <div data-empty=\"0\" class=\"ti-review-item source-Google\" > <div class=\"ti-inner\"> <div class=\"ti-review-header\"> <div class=\"ti-profile-img\"> <img decoding=\"async\" src=\"https:\/\/lh3.googleusercontent.com\/a\/ACg8ocI_nlGNbd2kAWeIQTzWIh7dWqdQC80h-9_nw34d7kCm=s120-c-rp-mo-br100\" alt=\"Jamerson Cavalcanti\" \/> <\/div> <div class=\"ti-profile-details\"> <div class=\"ti-name\"> Jamerson Cavalcanti <\/div> <div class=\"ti-date\">2024-02-08<\/div> <\/div> <\/div> <span class=\"ti-stars\"><span class=\"ti-star f\"><\/span><span class=\"ti-star f\"><\/span><span class=\"ti-star f\"><\/span><span class=\"ti-star f\"><\/span><span class=\"ti-star f\"><\/span><\/span> <div class=\"ti-review-text-container ti-review-content\"><!-- R-CONTENT -->Muito contente e satisfeito fui bem atendido pelo vendedor serafim foi pessoalmente me mostrar a m\u00e1quina e gra\u00e7as a Deus deu tudo certo espero voltar a comprar muito obrigado serafim pela aten\u00e7\u00e3o vc e um \u00f3timo vendedor e obrigado a vega m\u00e1quina atendimento nota 1000 mil<!-- R-CONTENT --><\/div> <span class=\"ti-read-more\" data-container=\".ti-review-content\" data-collapse-text=\"Esconder\" data-open-text=\"Consulte Mais informa\u00e7\u00e3o\" ><\/span> <\/div> <\/div>  <div data-empty=\"0\" class=\"ti-review-item source-Google\" > <div class=\"ti-inner\"> <div class=\"ti-review-header\"> <div class=\"ti-profile-img\"> <img decoding=\"async\" src=\"https:\/\/lh3.googleusercontent.com\/a\/ACg8ocJoAimneGuLP__pf7adryNqKxhNeZua35po4mDEIL9K=s120-c-rp-mo-br100\" alt=\"Mario Henrique Ferrari\" \/> <\/div> <div class=\"ti-profile-details\"> <div class=\"ti-name\"> Mario Henrique Ferrari <\/div> <div class=\"ti-date\">2023-11-30<\/div> <\/div> <\/div> <span class=\"ti-stars\"><span class=\"ti-star f\"><\/span><span class=\"ti-star f\"><\/span><span class=\"ti-star f\"><\/span><span class=\"ti-star f\"><\/span><span class=\"ti-star f\"><\/span><\/span> <div class=\"ti-review-text-container ti-review-content\"><!-- R-CONTENT -->Tudo certo.<!-- R-CONTENT --><\/div> <span class=\"ti-read-more\" data-container=\".ti-review-content\" data-collapse-text=\"Esconder\" data-open-text=\"Consulte Mais informa\u00e7\u00e3o\" ><\/span> <\/div> <\/div>  <div data-empty=\"0\" class=\"ti-review-item source-Google\" > <div class=\"ti-inner\"> <div class=\"ti-review-header\"> <div class=\"ti-profile-img\"> <img decoding=\"async\" src=\"https:\/\/lh3.googleusercontent.com\/a\/ACg8ocIV6p75jC5c67yRq0rl9wmQjJ-IoCKxjV6sTYRU7zOU=s120-c-rp-mo-br100\" alt=\"Adelson de Barros\" \/> <\/div> <div class=\"ti-profile-details\"> <div class=\"ti-name\"> Adelson de Barros <\/div> <div class=\"ti-date\">2023-11-28<\/div> <\/div> <\/div> <span class=\"ti-stars\"><span class=\"ti-star f\"><\/span><span class=\"ti-star f\"><\/span><span class=\"ti-star f\"><\/span><span class=\"ti-star f\"><\/span><span class=\"ti-star f\"><\/span><\/span> <div class=\"ti-review-text-container ti-review-content\"><!-- R-CONTENT -->A experi\u00eancia foi muito boa. O Romualdo agiu em todos os momentos com grande \u00e9tica e profissionalismo.<!-- R-CONTENT --><\/div> <span class=\"ti-read-more\" data-container=\".ti-review-content\" data-collapse-text=\"Esconder\" data-open-text=\"Consulte Mais informa\u00e7\u00e3o\" ><\/span> <\/div> <\/div>  <div data-empty=\"0\" class=\"ti-review-item source-Google\" > <div class=\"ti-inner\"> <div class=\"ti-review-header\"> <div class=\"ti-profile-img\"> <img decoding=\"async\" src=\"https:\/\/lh3.googleusercontent.com\/a\/ACg8ocIUZTNRqrwKkkOPb4PvnzhcMbcxBKRCum-U9JD2wQpY=s120-c-rp-mo-br100\" alt=\"fernando andrioli\" \/> <\/div> <div class=\"ti-profile-details\"> <div class=\"ti-name\"> fernando andrioli <\/div> <div class=\"ti-date\">2023-11-27<\/div> <\/div> <\/div> <span class=\"ti-stars\"><span class=\"ti-star f\"><\/span><span class=\"ti-star f\"><\/span><span class=\"ti-star f\"><\/span><span class=\"ti-star f\"><\/span><span class=\"ti-star f\"><\/span><\/span> <div class=\"ti-review-text-container ti-review-content\"><!-- R-CONTENT -->\u00d3timo atendimento do vendedor Rodrigo Pereira, loja com grande variedade de m\u00e1quinas e bons pre\u00e7os.<!-- R-CONTENT --><\/div> <span class=\"ti-read-more\" data-container=\".ti-review-content\" data-collapse-text=\"Esconder\" data-open-text=\"Consulte Mais informa\u00e7\u00e3o\" ><\/span> <\/div> <\/div>  <div data-empty=\"0\" class=\"ti-review-item source-Google\" > <div class=\"ti-inner\"> <div class=\"ti-review-header\"> <div class=\"ti-profile-img\"> <img decoding=\"async\" src=\"https:\/\/lh3.googleusercontent.com\/a-\/ALV-UjV6kt1zrCVbcC-vNu8ukS4Ugb_8clNECV9DLsDp91Sk7dk=s120-c-rp-mo-ba2-br100\" alt=\"Marcone Freitas\" \/> <\/div> <div class=\"ti-profile-details\"> <div class=\"ti-name\"> Marcone Freitas <\/div> <div class=\"ti-date\">2023-11-23<\/div> <\/div> <\/div> <span class=\"ti-stars\"><span class=\"ti-star f\"><\/span><span class=\"ti-star f\"><\/span><span class=\"ti-star f\"><\/span><span class=\"ti-star f\"><\/span><span class=\"ti-star f\"><\/span><\/span> <div class=\"ti-review-text-container ti-review-content\"><!-- R-CONTENT -->Rodrigo Pereira\n\u00d3timo atendimento\nBem como explica\u00e7\u00f5es t\u00e9cnicas no equipamento recomendo !<!-- R-CONTENT --><\/div> <span class=\"ti-read-more\" data-container=\".ti-review-content\" data-collapse-text=\"Esconder\" data-open-text=\"Consulte Mais informa\u00e7\u00e3o\" ><\/span> <\/div> <\/div>  <\/div> <div class=\"ti-controls-line\"> <div class=\"dot\"><\/div> <\/div>  <\/div> <\/div> <\/div> \n\t\t<\/div>\n\t\t\t\t\t<\/div>\n\n\t\n<\/div>\n\t\t<\/div>\n\n\t\t\n<style>\n#section_1935587054 {\n  padding-top: 30px;\n  padding-bottom: 30px;\n}\n<\/style>\n\t<\/section>\n\t\n\t<section class=\"section\" id=\"section_1020805974\">\n\t\t<div class=\"bg section-bg fill bg-fill  bg-loaded\" >\n\n\t\t\t\n\t\t\t<div class=\"section-bg-overlay absolute fill\"><\/div>\n\t\t\t\n\t<div class=\"is-border\"\n\t\tstyle=\"border-width:1px 0px 1px 0px;\">\n\t<\/div>\n\n\t\t<\/div>\n\n\t\t\n\n\t\t<div class=\"section-content relative\">\n\t\t\t\n<div class=\"row row-large align-middle\"  id=\"row-2087499975\">\n\n\t<div id=\"col-601066027\" class=\"col medium-6 small-12 large-6\"  >\n\t\t\t\t<div class=\"col-inner\"  >\n\t\t\t\n\t\t\t\n\t<div class=\"img has-hover x md-x lg-x y md-y lg-y\" id=\"image_1571598341\">\n\t\t\t\t\t\t\t\t<div class=\"img-inner box-shadow-4 dark\" >\n\t\t\t<img loading=\"lazy\" decoding=\"async\" width=\"1020\" height=\"638\" src=\"https:\/\/betamaquinas.com.br\/wp-content\/uploads\/2024\/03\/y0sh7bgar8n-1024x640.png\" class=\"attachment-large size-large\" alt=\"\" srcset=\"https:\/\/betamaquinas.com.br\/wp-content\/uploads\/2024\/03\/y0sh7bgar8n-1024x640.png 1024w, https:\/\/betamaquinas.com.br\/wp-content\/uploads\/2024\/03\/y0sh7bgar8n-300x187.png 300w, https:\/\/betamaquinas.com.br\/wp-content\/uploads\/2024\/03\/y0sh7bgar8n-768x480.png 768w, https:\/\/betamaquinas.com.br\/wp-content\/uploads\/2024\/03\/y0sh7bgar8n-1536x960.png 1536w, https:\/\/betamaquinas.com.br\/wp-content\/uploads\/2024\/03\/y0sh7bgar8n-2048x1280.png 2048w\" sizes=\"auto, (max-width: 1020px) 100vw, 1020px\" \/>\t\t\t\t\t\t\n\t\t\t\t\t<\/div>\n\t\t\t\t\t\t\t\t\n<style>\n#image_1571598341 {\n  width: 100%;\n}\n<\/style>\n\t<\/div>\n\t\n\t\t<\/div>\n\t\t\t\t\t<\/div>\n\n\t\n\n\t<div id=\"col-1109330668\" class=\"col medium-6 small-12 large-6\"  >\n\t\t\t\t<div class=\"col-inner text-left\"  >\n\t\t\t\n\t\t\t\n<h1>Quem somos<\/h1>\n<p>Beta M\u00e1quinas, uma orgulhosa integrante do Grupo Vega junto com Nico M\u00e1quinas e Vega Filial, nos especializamos em impulsionar o crescimento e a efici\u00eancia da sua ind\u00fastria.<\/p>\n<p>Com uma trajet\u00f3ria robusta no mercado de m\u00e1quinas industriais, oferecemos n\u00e3o apenas uma vasta sele\u00e7\u00e3o de equipamentos de alta qualidade, mas tamb\u00e9m uma experi\u00eancia personalizada na compra, venda e intermedia\u00e7\u00e3o de m\u00e1quinas, pe\u00e7as, componentes e acess\u00f3rios.<\/p>\n<p>Nossa miss\u00e3o vai al\u00e9m de fornecer produtos; \u00e9 sobre criar parcerias duradouras e fornecer solu\u00e7\u00f5es que realmente fa\u00e7am a diferen\u00e7a no seu dia a dia industrial. Seja voc\u00ea um pequeno atelier ou uma grande manufatura, temos o conhecimento e a expertise para atender \u00e0s suas necessidades com solu\u00e7\u00f5es que integram tecnologia, efici\u00eancia e sustentabilidade.<\/p>\n\t\t<\/div>\n\t\t\t\t\t<\/div>\n\n\t\n<\/div>\n\t\t<\/div>\n\n\t\t\n<style>\n#section_1020805974 {\n  padding-top: 60px;\n  padding-bottom: 60px;\n  background-color: rgb(193, 193, 193);\n}\n#section_1020805974 .section-bg-overlay {\n  background-color: rgba(255, 255, 255, 0.85);\n}\n<\/style>\n\t<\/section>\n\t\n\t<section class=\"section\" id=\"section_496004405\">\n\t\t<div class=\"bg section-bg fill bg-fill  bg-loaded\" >\n\n\t\t\t\n\t\t\t<div class=\"section-bg-overlay absolute fill\"><\/div>\n\t\t\t\n\n\t\t<\/div>\n\n\t\t\n\n\t\t<div class=\"section-content relative\">\n\t\t\t\n<div class=\"row row-large align-middle\"  id=\"row-315043417\">\n\n\t<div id=\"col-1363188102\" class=\"col medium-6 small-12 large-6\"  >\n\t\t\t\t<div class=\"col-inner text-left\"  >\n\t\t\t\n\t\t\t\n\n<p><iframe loading=\"lazy\" width=\"560\" height=\"315\" src=\"https:\/\/www.youtube.com\/embed\/RzefWfDT5oU?si=QVb8W63UbIq93aJs\" title=\"YouTube video player\" frameborder=\"0\" allow=\"accelerometer; autoplay; clipboard-write; encrypted-media; gyroscope; picture-in-picture; web-share\" allowfullscreen><\/iframe><br \/>\n\n\t\t<\/div>\n\t\t\t\t\t<\/div>\n\n\t\n\n\t<div id=\"col-1327884043\" class=\"col medium-6 small-12 large-6\"  >\n\t\t\t\t<div class=\"col-inner\"  >\n\t\t\t\n\t\t\t\n<p>A Vega \u00e9 uma loja de m\u00e1quinas operatrizes que est\u00e1 no mercado a 39 anos, come\u00e7amos com apenas uma loja e hoje contamos com mais de 30 colaboradores e pelo menos mais 10 prestadores de servi\u00e7o informal, temos uma \u00e1rea total com mais 5mil m\u00b2 espalhados aqui mesmo na rua Piratininga, no Br\u00e1s de S\u00e3o Paulo. Somos refer\u00eancia de qualidade e pre\u00e7o na regi\u00e3o.<\/p>\n\t<div class=\"img has-hover x md-x lg-x y md-y lg-y\" id=\"image_1272042333\">\n\t\t\t\t\t\t\t\t<div class=\"img-inner box-shadow-2 dark\" >\n\t\t\t\t\t\t\t\t\t\n\t\t\t\t\t<\/div>\n\t\t\t\t\t\t\t\t\n<style>\n#image_1272042333 {\n  width: 100%;\n}\n<\/style>\n\t<\/div>\n\t\n\t\t<\/div>\n\t\t\t\t\t<\/div>\n\n\t\n<\/div>\n\t\t<\/div>\n\n\t\t\n<style>\n#section_496004405 {\n  padding-top: 60px;\n  padding-bottom: 60px;\n  background-color: rgb(255, 255, 255);\n}\n#section_496004405 .section-bg-overlay {\n  background-color: rgba(255, 255, 255, 0.85);\n}\n<\/style>\n\t<\/section>\n\t\n<div class=\"message-box relative dark\" style=\"padding-top:36px;padding-bottom:36px;\"><div class=\"message-box-bg-image bg-fill fill\" ><\/div><div class=\"message-box-bg-overlay bg-fill fill\" style=\"background-color:rgb(34, 48, 139);\"><\/div><div class=\"container relative\"><div class=\"inner last-reset\">\n<div class=\"row align-middle\"  id=\"row-1039664631\">\n\n\t<div id=\"col-449658061\" class=\"col medium-7 small-12 large-7\"  >\n\t\t\t\t<div class=\"col-inner\"  >\n\t\t\t\n\t\t\t\n\t<div id=\"text-2406729409\" class=\"text\">\n\t\t\n<h2><span style=\"font-size: 115%;\"><strong>Entre em contato com nossa equipe.<\/strong><\/span><\/h2>\n\t\t\n<style>\n#text-2406729409 {\n  font-size: 1.95rem;\n}\n<\/style>\n\t<\/div>\n\t\n\t\t<\/div>\n\t\t\t\t\t<\/div>\n\n\t\n\n\t<div id=\"col-911785033\" class=\"col medium-4 small-12 large-4 col-divided\"  >\n\t\t\t\t<div class=\"col-inner text-right\"  >\n\t\t\t\n\t\t\t\n<a data-animate=\"flipInY\" href=\"https:\/\/api.whatsapp.com\/send?l=pt&#038;phone=5511955782062\" class=\"button success is-xlarge box-shadow-2 expand\"  style=\"border-radius:40px;\">\n    <span>Clique aqui<\/span>\n  <\/a>\n\n\t\t<\/div>\n\t\t\t\t\t<\/div>\n\n\t\n<\/div>\n<\/div><\/div><\/div>\n","protected":false},"excerpt":{"rendered":"","protected":false},"author":1,"featured_media":0,"parent":0,"menu_order":0,"comment_status":"closed","ping_status":"closed","template":"page-blank.php","meta":{"footnotes":""},"class_list":["post-10","page","type-page","status-publish","hentry"],"_links":{"self":[{"href":"https:\/\/betamaquinas.com.br\/index.php\/wp-json\/wp\/v2\/pages\/10","targetHints":{"allow":["GET"]}}],"collection":[{"href":"https:\/\/betamaquinas.com.br\/index.php\/wp-json\/wp\/v2\/pages"}],"about":[{"href":"https:\/\/betamaquinas.com.br\/index.php\/wp-json\/wp\/v2\/types\/page"}],"author":[{"embeddable":true,"href":"https:\/\/betamaquinas.com.br\/index.php\/wp-json\/wp\/v2\/users\/1"}],"replies":[{"embeddable":true,"href":"https:\/\/betamaquinas.com.br\/index.php\/wp-json\/wp\/v2\/comments?post=10"}],"version-history":[{"count":31,"href":"https:\/\/betamaquinas.com.br\/index.php\/wp-json\/wp\/v2\/pages\/10\/revisions"}],"predecessor-version":[{"id":107,"href":"https:\/\/betamaquinas.com.br\/index.php\/wp-json\/wp\/v2\/pages\/10\/revisions\/107"}],"wp:attachment":[{"href":"https:\/\/betamaquinas.com.br\/index.php\/wp-json\/wp\/v2\/media?parent=10"}],"curies":[{"name":"wp","href":"https:\/\/api.w.org\/{rel}","templated":true}]}}