{"id":59,"date":"2024-03-18T20:11:53","date_gmt":"2024-03-18T23:11:53","guid":{"rendered":"http:\/\/betamaquinas.com.br\/?page_id=59"},"modified":"2024-03-18T21:46:37","modified_gmt":"2024-03-19T00:46:37","slug":"nossos-valores","status":"publish","type":"page","link":"https:\/\/betamaquinas.com.br\/index.php\/nossos-valores\/","title":{"rendered":"Nossos Valores"},"content":{"rendered":"\t<section class=\"section\" id=\"section_1392770023\">\n\t\t<div class=\"bg section-bg fill bg-fill  bg-loaded\" >\n\n\t\t\t\n\t\t\t\n\t\t\t\n\n\t\t<\/div>\n\n\t\t\n\n\t\t<div class=\"section-content relative\">\n\t\t\t\n<div class=\"container section-title-container\" ><h3 class=\"section-title section-title-normal\"><b><\/b><span class=\"section-title-main\" ><i class=\"icon-star\" ><\/i>MISS\u00c3O<\/span><b><\/b><\/h3><\/div>\n<div class=\"row\"  id=\"row-1863703339\">\n\n\t<div id=\"col-365951099\" class=\"col small-12 large-12\"  >\n\t\t\t\t<div class=\"col-inner\"  >\n\t\t\t\n\t\t\t\n<p>Nossa miss\u00e3o \u00e9 fornecer solu\u00e7\u00f5es integradas e inovadoras em m\u00e1quinas industriais, pe\u00e7as e acess\u00f3rios, garantindo qualidade, efici\u00eancia e sustentabilidade para otimizar os processos produtivos de nossos clientes. Comprometemo-nos com a excel\u00eancia no atendimento, oferecendo expertise t\u00e9cnica e suporte personalizado para atender \u00e0s necessidades espec\u00edficas de cada projeto, fortalecendo assim o crescimento e a competitividade da ind\u00fastria.<\/p>\n\t\t<\/div>\n\t\t\t\t\t<\/div>\n\n\t\n<\/div>\n<div class=\"container section-title-container\" ><h3 class=\"section-title section-title-normal\"><b><\/b><span class=\"section-title-main\" ><i class=\"icon-star\" ><\/i>VIS\u00c3O<\/span><b><\/b><\/h3><\/div>\n<div class=\"row\"  id=\"row-46196902\">\n\n\t<div id=\"col-66067019\" class=\"col small-12 large-12\"  >\n\t\t\t\t<div class=\"col-inner\"  >\n\t\t\t\n\t\t\t\n<p>Ser reconhecida como l\u00edder no mercado de m\u00e1quinas industriais, destacando-nos pela inova\u00e7\u00e3o, confiabilidade e pela capacidade de antecipar e superar as expectativas do mercado. Aspiramos a ser a primeira escolha para empresas que buscam n\u00e3o apenas fornecedores, mas verdadeiros parceiros de neg\u00f3cios comprometidos com o sucesso m\u00fatuo e o desenvolvimento sustent\u00e1vel da ind\u00fastria.<\/p>\n\t\t<\/div>\n\t\t\t\t\t<\/div>\n\n\t\n<\/div>\n<div class=\"container section-title-container\" ><h3 class=\"section-title section-title-normal\"><b><\/b><span class=\"section-title-main\" style=\"color:rgb(0, 0, 0);\"><i class=\"icon-star\" ><\/i>VALORES<\/span><b><\/b><\/h3><\/div>\n<div class=\"row\"  id=\"row-1332041465\">\n\n\t<div id=\"col-468709328\" class=\"col small-12 large-12\"  >\n\t\t\t\t<div class=\"col-inner\"  >\n\t\t\t\n\t\t\t\n<p>Integridade: Conduzir nossos neg\u00f3cios com honestidade, transpar\u00eancia e responsabilidade, mantendo os mais altos padr\u00f5es \u00e9ticos em todas as nossas a\u00e7\u00f5es.<\/p>\n<p>Comprometimento com o Cliente: Colocar as necessidades dos nossos clientes no centro de tudo o que fazemos, buscando superar suas expectativas atrav\u00e9s de produtos e servi\u00e7os de alta qualidade e atendimento excepcional.<\/p>\n<p>Inova\u00e7\u00e3o: Perseguir constantemente a inova\u00e7\u00e3o em nossos produtos, servi\u00e7os e pr\u00e1ticas de neg\u00f3cios para fornecer solu\u00e7\u00f5es que agreguem valor real aos nossos clientes e \u00e0 comunidade.<\/p>\n<p>Sustentabilidade: Comprometer-se com pr\u00e1ticas sustent\u00e1veis que respeitem o meio ambiente e contribuam para o bem-estar das gera\u00e7\u00f5es presentes e futuras.<\/p>\n\t\t<\/div>\n\t\t\t\t\t<\/div>\n\n\t\n<\/div>\n\t\t<\/div>\n\n\t\t\n<style>\n#section_1392770023 {\n  padding-top: 30px;\n  padding-bottom: 30px;\n}\n<\/style>\n\t<\/section>\n\t\n","protected":false},"excerpt":{"rendered":"","protected":false},"author":1,"featured_media":0,"parent":0,"menu_order":0,"comment_status":"closed","ping_status":"closed","template":"","meta":{"footnotes":""},"class_list":["post-59","page","type-page","status-publish","hentry"],"_links":{"self":[{"href":"https:\/\/betamaquinas.com.br\/index.php\/wp-json\/wp\/v2\/pages\/59","targetHints":{"allow":["GET"]}}],"collection":[{"href":"https:\/\/betamaquinas.com.br\/index.php\/wp-json\/wp\/v2\/pages"}],"about":[{"href":"https:\/\/betamaquinas.com.br\/index.php\/wp-json\/wp\/v2\/types\/page"}],"author":[{"embeddable":true,"href":"https:\/\/betamaquinas.com.br\/index.php\/wp-json\/wp\/v2\/users\/1"}],"replies":[{"embeddable":true,"href":"https:\/\/betamaquinas.com.br\/index.php\/wp-json\/wp\/v2\/comments?post=59"}],"version-history":[{"count":6,"href":"https:\/\/betamaquinas.com.br\/index.php\/wp-json\/wp\/v2\/pages\/59\/revisions"}],"predecessor-version":[{"id":78,"href":"https:\/\/betamaquinas.com.br\/index.php\/wp-json\/wp\/v2\/pages\/59\/revisions\/78"}],"wp:attachment":[{"href":"https:\/\/betamaquinas.com.br\/index.php\/wp-json\/wp\/v2\/media?parent=59"}],"curies":[{"name":"wp","href":"https:\/\/api.w.org\/{rel}","templated":true}]}}